{"id":84,"date":"2026-03-30T01:06:10","date_gmt":"2026-03-30T01:06:10","guid":{"rendered":"https:\/\/hiberhernandez.com\/winxtools\/?page_id=84"},"modified":"2026-03-30T04:03:29","modified_gmt":"2026-03-30T04:03:29","slug":"ublockweb","status":"publish","type":"page","link":"https:\/\/hiberhernandez.com\/winxtools\/ublockweb\/","title":{"rendered":"uBlockWEB"},"content":{"rendered":"<div class=\"wp-block-image\">\n<figure class=\"aligncenter size-full is-resized\"><img loading=\"lazy\" decoding=\"async\" width=\"632\" height=\"772\" src=\"https:\/\/hiberhernandez.com\/winxtools\/wp-content\/uploads\/2026\/03\/uBlockWEB.png\" alt=\"\" class=\"wp-image-85\" style=\"width:480px\" srcset=\"https:\/\/hiberhernandez.com\/winxtools\/wp-content\/uploads\/2026\/03\/uBlockWEB.png 632w, https:\/\/hiberhernandez.com\/winxtools\/wp-content\/uploads\/2026\/03\/uBlockWEB-246x300.png 246w\" sizes=\"auto, (max-width: 632px) 100vw, 632px\" \/><\/figure>\n<\/div>\n\n\n<h2 class=\"wp-block-heading\"><i class=\"fa-solid fa-file-lines\"><\/i> Acerca de<\/h2>\n\n\n\n<p>uBlockWEB es una herramienta gratuita dise\u00f1ada especialmente para otorgarte el control absoluto sobre los sitios que se visita en su equipo. Su objetivo principal es actuar como un filtro de seguridad, permiti\u00e9ndote gestionar con precisi\u00f3n qu\u00e9 sitios web pueden cargar y cu\u00e1les deben ser restringidos, ideal para proteger la navegaci\u00f3n de tus hijos o limitar el acceso a contenido no deseado.<\/p>\n\n\n\n<p>Esta herramienta te permite una personalizaci\u00f3n total gracias a su lista preestablecida de redes sociales y la capacidad de realizar desbloqueos selectivos por sitio. Adem\u00e1s, facilita el trabajo avanzado permiti\u00e9ndote importar y exportar tus configuraciones para replicar tus reglas de seguridad en cualquier otra PC de forma instant\u00e1nea.<\/p>\n\n\n\n<h2 class=\"wp-block-heading\"><i class=\"fa-solid fa-list\"><\/i> Caracter\u00edsticas Principales<\/h2>\n\n\n\n<ul class=\"wp-block-list\">\n<li><strong>Sin Instalaci\u00f3n (Portable)<\/strong>: Puedes llevarla en una USB y usarla en cualquier equipo sin dejar rastro ni llenar el disco de archivos basura.<\/li>\n\n\n\n<li><strong>Activaci\u00f3n Instant\u00e1nea<\/strong>: Incluye una funci\u00f3n que refresca tu conexi\u00f3n al momento para que los bloqueos funcionen de inmediato sin reiniciar.<\/li>\n\n\n\n<li><strong>Control de \u00abUn Solo Clic\u00bb<\/strong>: Te permite activar o desactivar los sitios seleccionados, sin desbloquear todos los que hayas ingresado.<\/li>\n<\/ul>\n\n\n\n<h2 class=\"wp-block-heading\"><i class=\"fa-solid fa-circle-info\"><\/i> Compatibilidad<\/h2>\n\n\n\n<blockquote class=\"wp-block-quote is-layout-flow wp-block-quote-is-layout-flow\">\n<p>uBlockWEB requiere Windows 10 y Windows 11<\/p>\n<\/blockquote>\n\n\n\n<h2 class=\"wp-block-heading\"><i class=\"fa-solid fa-download\"><\/i> Descargar<\/h2>\n\n\n\n<div class=\"wp-block-buttons is-layout-flex wp-block-buttons-is-layout-flex\">\n<div class=\"wp-block-button\"><a class=\"wp-block-button__link wp-element-button\" href=\"https:\/\/hiberhernandez.com\/winxtools\/wp-content\/uploads\/2026\/03\/uBlockWEB.zip\">uBlockWEB v26.03.28<\/a><\/div>\n<\/div>\n","protected":false},"excerpt":{"rendered":"<p>Acerca de uBlockWEB es una herramienta gratuita dise\u00f1ada especialmente para otorgarte el control absoluto sobre los sitios que se visita en su equipo. Su objetivo principal es actuar como un filtro de seguridad, permiti\u00e9ndote gestionar con precisi\u00f3n qu\u00e9 sitios web pueden cargar y cu\u00e1les deben ser restringidos, ideal para proteger la navegaci\u00f3n de tus hijos &#8230; <a title=\"uBlockWEB\" class=\"read-more\" href=\"https:\/\/hiberhernandez.com\/winxtools\/ublockweb\/\" aria-label=\"Leer m\u00e1s sobre uBlockWEB\">Leer m\u00e1s<\/a><\/p>\n","protected":false},"author":1,"featured_media":97,"parent":0,"menu_order":0,"comment_status":"closed","ping_status":"closed","template":"","meta":{"footnotes":""},"class_list":["post-84","page","type-page","status-publish","has-post-thumbnail"],"_hostinger_reach_plugin_has_subscription_block":false,"_hostinger_reach_plugin_is_elementor":false,"_links":{"self":[{"href":"https:\/\/hiberhernandez.com\/winxtools\/wp-json\/wp\/v2\/pages\/84","targetHints":{"allow":["GET"]}}],"collection":[{"href":"https:\/\/hiberhernandez.com\/winxtools\/wp-json\/wp\/v2\/pages"}],"about":[{"href":"https:\/\/hiberhernandez.com\/winxtools\/wp-json\/wp\/v2\/types\/page"}],"author":[{"embeddable":true,"href":"https:\/\/hiberhernandez.com\/winxtools\/wp-json\/wp\/v2\/users\/1"}],"replies":[{"embeddable":true,"href":"https:\/\/hiberhernandez.com\/winxtools\/wp-json\/wp\/v2\/comments?post=84"}],"version-history":[{"count":11,"href":"https:\/\/hiberhernandez.com\/winxtools\/wp-json\/wp\/v2\/pages\/84\/revisions"}],"predecessor-version":[{"id":128,"href":"https:\/\/hiberhernandez.com\/winxtools\/wp-json\/wp\/v2\/pages\/84\/revisions\/128"}],"wp:featuredmedia":[{"embeddable":true,"href":"https:\/\/hiberhernandez.com\/winxtools\/wp-json\/wp\/v2\/media\/97"}],"wp:attachment":[{"href":"https:\/\/hiberhernandez.com\/winxtools\/wp-json\/wp\/v2\/media?parent=84"}],"curies":[{"name":"wp","href":"https:\/\/api.w.org\/{rel}","templated":true}]}}