{"id":194,"date":"2026-04-18T19:27:48","date_gmt":"2026-04-18T19:27:48","guid":{"rendered":"https:\/\/hiberhernandez.com\/winxtools\/?page_id=194"},"modified":"2026-04-18T19:27:49","modified_gmt":"2026-04-18T19:27:49","slug":"software-nuevo-o-inseguro","status":"publish","type":"page","link":"https:\/\/hiberhernandez.com\/winxtools\/software-nuevo-o-inseguro\/","title":{"rendered":"\u00bfPor qu\u00e9 algunos navegadores marcan herramientas nuevas como inseguras o malware?"},"content":{"rendered":"\n<p>Cuando una herramienta o programa es muy reciente, es com\u00fan que algunos navegadores o sistemas de seguridad la marquen como \u201cinsegura\u201d o incluso como posible malware. Esto no siempre significa que el archivo sea realmente peligroso, sino que existen varios factores t\u00e9cnicos detr\u00e1s de esta advertencia.<\/p>\n\n\n\n<p>Uno de los principales motivos es la <strong>falta de firma digital<\/strong>. La firma digital es como una \u201cidentidad verificable\u201d del desarrollador que permite confirmar que el software no ha sido alterado y proviene de una fuente confiable. Si un programa no tiene esta firma, el navegador no puede validar su origen.<\/p>\n\n\n\n<p>Otro factor importante es la <strong>baja reputaci\u00f3n del archivo o del sitio web<\/strong>. Los navegadores modernos, como Chrome o Edge, utilizan sistemas de reputaci\u00f3n que analizan cu\u00e1ntas personas han descargado un archivo y si ha sido reportado como peligroso. Si una herramienta es nueva y casi nadie la ha descargado a\u00fan, el sistema la considera \u201cdesconocida\u201d y aplica advertencias preventivas.<\/p>\n\n\n\n<p>Tambi\u00e9n influyen los <strong>sistemas autom\u00e1ticos de detecci\u00f3n (heur\u00edstica)<\/strong>, que buscan comportamientos similares a los de virus o malware. Si un programa nuevo utiliza t\u00e9cnicas poco comunes o no est\u00e1ndar, puede activar alertas aunque sea leg\u00edtimo.<\/p>\n","protected":false},"excerpt":{"rendered":"<p>Cuando una herramienta o programa es muy reciente, es com\u00fan que algunos navegadores o sistemas de seguridad la marquen como \u201cinsegura\u201d o incluso como posible malware. Esto no siempre significa que el archivo sea realmente peligroso, sino que existen varios factores t\u00e9cnicos detr\u00e1s de esta advertencia. Uno de los principales motivos es la falta de &#8230; <a title=\"\u00bfPor qu\u00e9 algunos navegadores marcan herramientas nuevas como inseguras o malware?\" class=\"read-more\" href=\"https:\/\/hiberhernandez.com\/winxtools\/software-nuevo-o-inseguro\/\" aria-label=\"Leer m\u00e1s sobre \u00bfPor qu\u00e9 algunos navegadores marcan herramientas nuevas como inseguras o malware?\">Leer m\u00e1s<\/a><\/p>\n","protected":false},"author":1,"featured_media":0,"parent":0,"menu_order":0,"comment_status":"closed","ping_status":"closed","template":"","meta":{"footnotes":""},"class_list":["post-194","page","type-page","status-publish"],"_hostinger_reach_plugin_has_subscription_block":false,"_hostinger_reach_plugin_is_elementor":false,"_links":{"self":[{"href":"https:\/\/hiberhernandez.com\/winxtools\/wp-json\/wp\/v2\/pages\/194","targetHints":{"allow":["GET"]}}],"collection":[{"href":"https:\/\/hiberhernandez.com\/winxtools\/wp-json\/wp\/v2\/pages"}],"about":[{"href":"https:\/\/hiberhernandez.com\/winxtools\/wp-json\/wp\/v2\/types\/page"}],"author":[{"embeddable":true,"href":"https:\/\/hiberhernandez.com\/winxtools\/wp-json\/wp\/v2\/users\/1"}],"replies":[{"embeddable":true,"href":"https:\/\/hiberhernandez.com\/winxtools\/wp-json\/wp\/v2\/comments?post=194"}],"version-history":[{"count":1,"href":"https:\/\/hiberhernandez.com\/winxtools\/wp-json\/wp\/v2\/pages\/194\/revisions"}],"predecessor-version":[{"id":195,"href":"https:\/\/hiberhernandez.com\/winxtools\/wp-json\/wp\/v2\/pages\/194\/revisions\/195"}],"wp:attachment":[{"href":"https:\/\/hiberhernandez.com\/winxtools\/wp-json\/wp\/v2\/media?parent=194"}],"curies":[{"name":"wp","href":"https:\/\/api.w.org\/{rel}","templated":true}]}}