{"id":139,"date":"2026-03-30T04:25:13","date_gmt":"2026-03-30T04:25:13","guid":{"rendered":"https:\/\/hiberhernandez.com\/winxtools\/?page_id=139"},"modified":"2026-03-30T04:50:42","modified_gmt":"2026-03-30T04:50:42","slug":"urlextractorh","status":"publish","type":"page","link":"https:\/\/hiberhernandez.com\/winxtools\/urlextractorh\/","title":{"rendered":"URLExtractorH"},"content":{"rendered":"<div class=\"wp-block-image\">\n<figure class=\"aligncenter size-full is-resized\"><img loading=\"lazy\" decoding=\"async\" width=\"621\" height=\"523\" src=\"https:\/\/hiberhernandez.com\/winxtools\/wp-content\/uploads\/2026\/03\/URLExtractorH-1.png\" alt=\"\" class=\"wp-image-154\" style=\"width:480px\" srcset=\"https:\/\/hiberhernandez.com\/winxtools\/wp-content\/uploads\/2026\/03\/URLExtractorH-1.png 621w, https:\/\/hiberhernandez.com\/winxtools\/wp-content\/uploads\/2026\/03\/URLExtractorH-1-300x253.png 300w\" sizes=\"auto, (max-width: 621px) 100vw, 621px\" \/><\/figure>\n<\/div>\n\n\n<h2 class=\"wp-block-heading\"><i class=\"fa-solid fa-file-lines\"><\/i> Acerca de<\/h2>\n\n\n\n<p>Herramienta, dise\u00f1ada para usuarios que trabajan frecuentemente con documentos de texto, permite extraer enlaces de manera r\u00e1pida y eficiente. Con una interfaz clara y moderna, facilita tanto la importaci\u00f3n de archivos como la captura de enlaces de texto pegado manualmente. Su enfoque pr\u00e1ctico ahorra tiempo y reduce errores, convirti\u00e9ndola en una utilidad indispensable para quienes necesitan recopilar enlaces de m\u00faltiples fuentes de forma organizada.<\/p>\n\n\n\n<h2 class=\"wp-block-heading\"><i class=\"fa-solid fa-list\"><\/i> Caracter\u00edsticas<\/h2>\n\n\n\n<p>Adem\u00e1s, la aplicaci\u00f3n incluye opciones de exportaci\u00f3n flexibles, permitiendo guardar los enlaces extra\u00eddos en varios formatos comunes como CSV, JSON, TXT o HTML. Gracias a su compatibilidad con arrastrar y soltar archivos, los usuarios pueden procesar grandes vol\u00famenes de informaci\u00f3n sin complicaciones, mientras que los enlaces se copian autom\u00e1ticamente al portapapeles para un acceso inmediato.<\/p>\n\n\n\n<p>Adem\u00e1s, tiene la capacidad de encontrar la extracci\u00f3n autom\u00e1tica de enlaces \u00fanicos desde m\u00faltiples archivos o texto manual, garantizando que no se repitan y que est\u00e9n listos para usar en otros programas o documentos.<\/p>\n\n\n\n<h2 class=\"wp-block-heading\"><i class=\"fa-solid fa-list\"><\/i> Otras caracter\u00edsticas<\/h2>\n\n\n\n<ul class=\"wp-block-list\">\n<li>Interfaz moderna y f\u00e1cil de usar con soporte para arrastrar y soltar archivos<\/li>\n\n\n\n<li>Posibilidad de seleccionar m\u00faltiples archivos de texto para procesarlos simult\u00e1neamente<\/li>\n\n\n\n<li>Botones de acci\u00f3n claros: Exportar, Copiar enlaces y Abrir carpeta<\/li>\n\n\n\n<li>Exportaci\u00f3n en m\u00faltiples formatos: CSV, JSON, TXT y HTML<\/li>\n\n\n\n<li>Copiado autom\u00e1tico de enlaces al portapapeles para uso inmediato<\/li>\n\n\n\n<li>Visualizaci\u00f3n de los enlaces extra\u00eddos en un cuadro de texto editable<\/li>\n\n\n\n<li>Control de errores para avisar cuando no se encuentran enlaces o los archivos no existen<\/li>\n\n\n\n<li>Hiperv\u00ednculo integrado al sitio del desarrollador para informaci\u00f3n adicional<\/li>\n\n\n\n<li>Soporte para texto pegado manualmente, permitiendo extraer enlaces directamente sin archivos<\/li>\n<\/ul>\n\n\n\n<h2 class=\"wp-block-heading\"><i class=\"fa-solid fa-circle-info\"><\/i> Compatibilidad<\/h2>\n\n\n\n<blockquote class=\"wp-block-quote is-layout-flow wp-block-quote-is-layout-flow\">\n<p>URLExtractorH requiere Windows 10 y Windows 11<\/p>\n<\/blockquote>\n\n\n\n<h2 class=\"wp-block-heading\"><i class=\"fa-solid fa-download\"><\/i> Descargar<\/h2>\n\n\n\n<div class=\"wp-block-buttons is-layout-flex wp-block-buttons-is-layout-flex\">\n<div class=\"wp-block-button\"><a class=\"wp-block-button__link wp-element-button\" href=\"https:\/\/hiberhernandez.com\/winxtools\/wp-content\/uploads\/2026\/03\/uBlockWEB.zip\">URLExtractorH v25.06.21<\/a><\/div>\n<\/div>\n","protected":false},"excerpt":{"rendered":"<p>Acerca de Herramienta, dise\u00f1ada para usuarios que trabajan frecuentemente con documentos de texto, permite extraer enlaces de manera r\u00e1pida y eficiente. Con una interfaz clara y moderna, facilita tanto la importaci\u00f3n de archivos como la captura de enlaces de texto pegado manualmente. Su enfoque pr\u00e1ctico ahorra tiempo y reduce errores, convirti\u00e9ndola en una utilidad indispensable &#8230; <a title=\"URLExtractorH\" class=\"read-more\" href=\"https:\/\/hiberhernandez.com\/winxtools\/urlextractorh\/\" aria-label=\"Leer m\u00e1s sobre URLExtractorH\">Leer m\u00e1s<\/a><\/p>\n","protected":false},"author":1,"featured_media":142,"parent":0,"menu_order":0,"comment_status":"closed","ping_status":"closed","template":"","meta":{"footnotes":""},"class_list":["post-139","page","type-page","status-publish","has-post-thumbnail"],"_hostinger_reach_plugin_has_subscription_block":false,"_hostinger_reach_plugin_is_elementor":false,"_links":{"self":[{"href":"https:\/\/hiberhernandez.com\/winxtools\/wp-json\/wp\/v2\/pages\/139","targetHints":{"allow":["GET"]}}],"collection":[{"href":"https:\/\/hiberhernandez.com\/winxtools\/wp-json\/wp\/v2\/pages"}],"about":[{"href":"https:\/\/hiberhernandez.com\/winxtools\/wp-json\/wp\/v2\/types\/page"}],"author":[{"embeddable":true,"href":"https:\/\/hiberhernandez.com\/winxtools\/wp-json\/wp\/v2\/users\/1"}],"replies":[{"embeddable":true,"href":"https:\/\/hiberhernandez.com\/winxtools\/wp-json\/wp\/v2\/comments?post=139"}],"version-history":[{"count":3,"href":"https:\/\/hiberhernandez.com\/winxtools\/wp-json\/wp\/v2\/pages\/139\/revisions"}],"predecessor-version":[{"id":156,"href":"https:\/\/hiberhernandez.com\/winxtools\/wp-json\/wp\/v2\/pages\/139\/revisions\/156"}],"wp:featuredmedia":[{"embeddable":true,"href":"https:\/\/hiberhernandez.com\/winxtools\/wp-json\/wp\/v2\/media\/142"}],"wp:attachment":[{"href":"https:\/\/hiberhernandez.com\/winxtools\/wp-json\/wp\/v2\/media?parent=139"}],"curies":[{"name":"wp","href":"https:\/\/api.w.org\/{rel}","templated":true}]}}